{"id":3138,"date":"2024-11-25T14:14:21","date_gmt":"2024-11-25T14:14:21","guid":{"rendered":"https:\/\/www.panalingua.ch\/avviso-legale\/"},"modified":"2025-06-05T17:12:51","modified_gmt":"2025-06-05T17:12:51","slug":"avviso-legale","status":"publish","type":"page","link":"https:\/\/www.panalingua.ch\/it\/avviso-legale\/","title":{"rendered":"Avviso legale"},"content":{"rendered":"\n<h1 class=\"wp-block-heading\" id=\"h-privacy-statement\">Avviso legale<\/h1>\n\n<h4 class=\"wp-block-heading\" id=\"h-copyright\">Copyright<\/h4>\n\n<p>I contenuti e il design di questo sito web sono protetti dal diritto d&#8217;autore e sono di propriet\u00e0 esclusiva di Panalingua GmbH. \u00c8 vietata la modifica, la riproduzione o la distribuzione dei contenuti o del design.<\/p>\n\n<p>Panalingua GmbH<br\/>Bruggerstrasse 69<br\/>5400 Baden<\/p>\n\n<p><a href=\"mailto:service@panalingua.ch\">service@panalingua.ch<\/a><\/p>\n\n<p>Tel. +41 (0)43 268 00 45<br\/><a href=\"https:\/\/panalingua.ch\/home\/#contact\">Contattaci<\/a><\/p>\n\n<p>Iscritta nel registro di commercio del Canton Argovia<br\/>Numero di iscrizione nel registro di commercio: CH-020.4.034.306-7<br\/>Partita IVA: CHE-113.269.345 IBAN: CH08 0023 2232 1168 5001 X<br\/>IBAN: CH95 0022 5225 8296 3301 U<br\/>Identificativo univoco della societ\u00e0 (numero D-U-N-S): CHE-113.269.345<\/p>\n\n<h4 class=\"wp-block-heading\" id=\"h-disclaimer\">Disclaimer<\/h4>\n\n<p>Tutti i testi e i link sono stati controllati attentamente e vengono aggiornati regolarmente. Ci sforziamo di fornire informazioni accurate e complete su questo sito, ma non ci assumiamo alcuna responsabilit\u00e0, garanzia o dichiarazione che le informazioni fornite su questo sito, comprese le voci del database, siano accurate, complete o aggiornate. Ci riserviamo il diritto di modificare le informazioni in qualsiasi momento e senza preavviso su questo sito e non ci assumiamo alcun obbligo di aggiornare le informazioni qui contenute. Tutti i link a siti esterni sono stati controllati al momento dell&#8217;ammissione al loro utilizzo. Tuttavia, non siamo responsabili del contenuto o della disponibilit\u00e0 dei siti web a cui si accede tramite collegamenti ipertestuali. Per i contenuti illegali, errati o incompleti e soprattutto per i danni derivanti dall&#8217;uso non controllato dei contenuti delle pagine collegate \u00e8 responsabile esclusivamente il fornitore del sito a cui si fa riferimento. Non importa se il danno \u00e8 diretto, indiretto o di natura finanziaria o per qualsiasi altro danno che potrebbe derivare da perdita di dati, mancato uso o altro di qualsiasi tipo.<\/p>\n\n<h4 class=\"wp-block-heading\" id=\"h-general-information\">Informazioni generali<\/h4>\n\n<p>I gestori di questo sito web prendono molto sul serio la protezione dei vostri dati personali. Trattiamo i vostri dati personali in modo confidenziale.<\/p>\n\n<p>Di norma \u00e8 possibile utilizzare il nostro sito web senza fornire alcun dato personale. Se sul nostro sito vengono raccolte informazioni personali (come nomi, indirizzi o indirizzi e-mail), ci\u00f2 avverr\u00e0 sempre, per quanto possibile, su base volontaria. Tali informazioni non saranno divulgate a terzi senza il vostro esplicito consenso.<\/p>\n\n<p>Si prega di notare che i dati trasmessi via Internet (ad esempio tramite comunicazioni via e-mail) possono essere soggetti a violazioni della sicurezza. Non \u00e8 possibile proteggere completamente i dati dall&#8217;accesso di terzi.<\/p>\n\n<h4 class=\"wp-block-heading\" id=\"h-cookies\">Cookies<\/h4>\n\n<p>Il sito web utilizza in parte i cosiddetti cookie. I cookie servono a rendere i nostri servizi pi\u00f9 semplici, efficaci e sicuri. I cookie non danneggiano il vostro computer e non contengono virus. I cookie sono piccoli file di testo che vengono memorizzati sul vostro computer e salvati dal vostro browser.<\/p>\n\n<p>La maggior parte dei cookie che utilizziamo sono \u201ccookie di sessione\u201d. Vengono cancellati automaticamente dopo la visita. Altri cookie rimangono nella memoria del vostro dispositivo fino a quando non li cancellate. Questi cookie consentono di riconoscere il browser dell&#8217;utente alla sua prossima visita al sito.<\/p>\n\n<p>\u00c8 possibile configurare il browser in modo da essere informati sull&#8217;uso dei cookie e decidere di volta in volta se accettarli o rifiutarli. In alternativa, il browser pu\u00f2 essere configurato in modo da accettare automaticamente i cookie in determinate condizioni o da rifiutarli sempre, oppure da cancellare automaticamente i cookie alla chiusura del browser. La disabilitazione dei cookie pu\u00f2 limitare la funzionalit\u00e0 di questo sito web.<\/p>\n\n<h4 class=\"wp-block-heading\" id=\"h-server-log-files\">File di log del server<\/h4>\n\n<p>Il provider del sito web raccoglie e memorizza automaticamente le informazioni che il vostro browser ci trasmette in \u201cfile di log del server\u201d. Questi sono:<\/p>\n\n<ol class=\"wp-block-list\">\n<li>Tipo di browser e versione del browser<\/li>\n\n\n\n<li>Sistema operativo utilizzato<\/li>\n\n\n\n<li>URL del referrer<\/li>\n\n\n\n<li>Hostname del computer di accesso<\/li>\n\n\n\n<li>Ora della richiesta del server<\/li>\n<\/ol>\n\n<p>Questi dati non possono essere utilizzati per identificare persone specifiche. Questi dati non vengono combinati con dati provenienti da altre fonti. Ci riserviamo il diritto di controllare retrospettivamente questi dati se veniamo a conoscenza di prove specifiche di uso illegale.<\/p>\n\n<h4 class=\"wp-block-heading\" id=\"h-google-analytics\">Google Analytics<\/h4>\n\n<p>Questo sito utilizza Google Analytics, un servizio di analisi web fornito da Google Inc. (\u201cGoogle\u201d). Google Analytics utilizza i cosiddetti \u201ccookie\u201d, file di testo memorizzati sul vostro computer che consentono di analizzare il vostro utilizzo del sito. Le informazioni generate dai cookie sull&#8217;utilizzo del sito web da parte dell&#8217;utente vengono solitamente trasmesse a un server di Google negli Stati Uniti e l\u00ec memorizzate. Su questo sito \u00e8 attivata l&#8217;anonimizzazione dell&#8217;IP, pertanto il vostro indirizzo IP verr\u00e0 abbreviato da Google all&#8217;interno degli Stati membri dell\u2019Unione Europea o in altri Stati aderenti all&#8217;Accordo sullo Spazio Economico Europeo. Solo in casi eccezionali l&#8217;indirizzo IP completo verr\u00e0 trasmesso a un server di Google negli Stati Uniti e l\u00ec abbreviato. Google utilizza queste informazioni per valutare il vostro utilizzo del sito, per redigere rapporti sulle attivit\u00e0 sul sito per gli operatori del sito e per fornire altri servizi relativi all&#8217;utilizzo di Internet e del sito web. Google pu\u00f2 anche trasmettere queste informazioni a terzi, nella misura in cui ci\u00f2 sia richiesto dalla legge o se terzi elaborano i dati per conto di Google. L\u2019indirizzo IP trasmesso dal vostro browser nell&#8217;ambito di Google Analytics non viene integrato ad altri dati di Google. Per ulteriori informazioni sulle modalit\u00e0 di gestione dei dati degli utenti da parte di Google Analytics, consultare l\u2019informativa sulla privacy di Google:<br\/><a href=\"https:\/\/support.google.com\/analytics\/answer\/6004245?hl=en\" target=\"_blank\" rel=\"noreferrer noopener\">https:\/\/support.google.com\/analytics\/answer\/6004245?hl=it<\/a><\/p>\n\n<p>\u00c8 possibile impedire la memorizzazione di questi cookie selezionando l&#8217;impostazione appropriata nel proprio browser; tuttavia, desideriamo sottolineare che, cos\u00ec facendo, l&#8217;utente potrebbe non essere in grado di usufruire di tutte le funzionalit\u00e0 di questo sito web. \u00c8 inoltre possibile impedire la trasmissione a Google dei dati generati dai cookie sull&#8217;utilizzo del sito web (compreso l\u2019indirizzo IP) e l&#8217;elaborazione di tali dati da parte di Google, scaricando e installando il plugin per il browser disponibile al seguente link:<br\/><a href=\"http:\/\/tools.google.com\/dlpage\/gaoptout?hl=en\" target=\"_blank\" rel=\"noreferrer noopener\">https:\/\/tools.google.com\/dlpage\/gaoptout?hl=it<\/a><\/p>\n\n<h4 class=\"wp-block-heading\" id=\"h-google-maps\">Google Maps<\/h4>\n\n<p>Questo sito web pu\u00f2 utilizzare il prodotto Google Maps di Google Inc. Utilizzando questo sito web, l&#8217;utente acconsente alla raccolta, all&#8217;elaborazione e all&#8217;utilizzo dei dati raccolti automaticamente da Google Inc. e dai suoi rappresentanti, nonch\u00e9 da terzi. Le condizioni d&#8217;uso di Google Maps sono riportate alla voce<br\/><a href=\"https:\/\/www.google.com\/intl\/en_en\/help\/terms_maps.html\" target=\"_blank\" rel=\"noreferrer noopener\"> \u201cCondizioni d&#8217;uso di Google Maps\u201d.<\/a><\/p>\n\n<h4 class=\"wp-block-heading\" id=\"h-contact-form\">Modulo di contatto<\/h4>\n\n<p>Nella misura in cui il sito web prevede un modulo di contatto e se ci inviate richieste tramite tale modulo, i vostri dati dal modulo di richiesta, compresi i dati di contatto da voi forniti, saranno memorizzati allo scopo di elaborare la richiesta e in caso di domande successive. Questi dati non saranno trasmessi senza il vostro consenso e saranno trattati in modo confidenziale.<\/p>\n\n<h4 class=\"wp-block-heading\" id=\"h-information-deletion-and-blocking\">Informazione, cancellazione e blocco<\/h4>\n\n<p>L\u2019utente ricever\u00e0 informazioni sui dati personali che abbiamo memorizzato su di lui, nonch\u00e9 sull&#8217;origine, il destinatario e lo scopo della raccolta e dell&#8217;elaborazione dei dati. Avete inoltre il diritto di richiedere la correzione, il blocco o la cancellazione dei vostri dati. Sono esclusi i dati conservati in virt\u00f9 di disposizioni di legge o necessari per la corretta esecuzione di transazioni commerciali. I dati vengono memorizzati in un file di blocco a scopo di controllo, in modo che possano essere bloccati in qualsiasi momento. Se i dati non sono raccolti in base a un obbligo di archiviazione legale, li cancelleremo su vostra richiesta. In caso di obbligo di archiviazione, bloccheremo i vostri dati. Per tutte le domande e i dubbi relativi alla correzione, al blocco o alla cancellazione dei dati personali, si prega di contattare il nostro responsabile della protezione dei dati ai recapiti indicati nella presente informativa sulla privacy o all\u2019indirizzo indicato nell\u2019imprinting.<\/p>\n","protected":false},"excerpt":{"rendered":"<p>Avviso legale Copyright I contenuti e il design di questo sito web sono protetti dal diritto d&#8217;autore e sono di propriet\u00e0 esclusiva di Panalingua GmbH. \u00c8 vietata la modifica, la riproduzione o la distribuzione dei contenuti o del design. Panalingua GmbHBruggerstrasse 695400 Baden service@panalingua.ch Tel. +41 (0)43 268 00 45Contattaci Iscritta nel registro di commercio [&hellip;]<\/p>\n","protected":false},"author":1,"featured_media":0,"parent":0,"menu_order":0,"comment_status":"closed","ping_status":"closed","template":"","meta":{"_acf_changed":false,"footnotes":""},"class_list":["post-3138","page","type-page","status-publish","hentry"],"acf":[],"yoast_head":"<!-- This site is optimized with the Yoast SEO plugin v26.6 - https:\/\/yoast.com\/wordpress\/plugins\/seo\/ -->\n<title>Ulteriori informazioni sulla politica legale di Panalingua<\/title>\n<meta name=\"description\" content=\"I contenuti e il design di questo sito web sono protetti dal diritto d&#039;autore e sono di esclusiva propriet\u00e0 di Panalingua GmbH.\" \/>\n<meta name=\"robots\" content=\"index, follow, max-snippet:-1, max-image-preview:large, max-video-preview:-1\" \/>\n<link rel=\"canonical\" href=\"https:\/\/www.panalingua.ch\/it\/avviso-legale\/\" \/>\n<meta property=\"og:locale\" content=\"it_IT\" \/>\n<meta property=\"og:type\" content=\"article\" \/>\n<meta property=\"og:title\" content=\"Ulteriori informazioni sulla politica legale di Panalingua\" \/>\n<meta property=\"og:description\" content=\"I contenuti e il design di questo sito web sono protetti dal diritto d&#039;autore e sono di esclusiva propriet\u00e0 di Panalingua GmbH.\" \/>\n<meta property=\"og:url\" content=\"https:\/\/www.panalingua.ch\/it\/avviso-legale\/\" \/>\n<meta property=\"og:site_name\" content=\"Panalingua\" \/>\n<meta property=\"article:modified_time\" content=\"2025-06-05T17:12:51+00:00\" \/>\n<meta name=\"twitter:card\" content=\"summary_large_image\" \/>\n<meta name=\"twitter:label1\" content=\"Tempo di lettura stimato\" \/>\n\t<meta name=\"twitter:data1\" content=\"6 minuti\" \/>\n<script type=\"application\/ld+json\" class=\"yoast-schema-graph\">{\"@context\":\"https:\/\/schema.org\",\"@graph\":[{\"@type\":\"WebPage\",\"@id\":\"https:\/\/www.panalingua.ch\/it\/avviso-legale\/\",\"url\":\"https:\/\/www.panalingua.ch\/it\/avviso-legale\/\",\"name\":\"Ulteriori informazioni sulla politica legale di Panalingua\",\"isPartOf\":{\"@id\":\"https:\/\/www.panalingua.ch\/#website\"},\"datePublished\":\"2024-11-25T14:14:21+00:00\",\"dateModified\":\"2025-06-05T17:12:51+00:00\",\"description\":\"I contenuti e il design di questo sito web sono protetti dal diritto d'autore e sono di esclusiva propriet\u00e0 di Panalingua GmbH.\",\"breadcrumb\":{\"@id\":\"https:\/\/www.panalingua.ch\/it\/avviso-legale\/#breadcrumb\"},\"inLanguage\":\"it-IT\",\"potentialAction\":[{\"@type\":\"ReadAction\",\"target\":[\"https:\/\/www.panalingua.ch\/it\/avviso-legale\/\"]}]},{\"@type\":\"BreadcrumbList\",\"@id\":\"https:\/\/www.panalingua.ch\/it\/avviso-legale\/#breadcrumb\",\"itemListElement\":[{\"@type\":\"ListItem\",\"position\":1,\"name\":\"Home\",\"item\":\"https:\/\/www.panalingua.ch\/it\/home\/\"},{\"@type\":\"ListItem\",\"position\":2,\"name\":\"Avviso legale\"}]},{\"@type\":\"WebSite\",\"@id\":\"https:\/\/www.panalingua.ch\/#website\",\"url\":\"https:\/\/www.panalingua.ch\/\",\"name\":\"Panalingua\",\"description\":\"A Member of the SwissGlobal family\",\"publisher\":{\"@id\":\"https:\/\/www.panalingua.ch\/#organization\"},\"potentialAction\":[{\"@type\":\"SearchAction\",\"target\":{\"@type\":\"EntryPoint\",\"urlTemplate\":\"https:\/\/www.panalingua.ch\/?s={search_term_string}\"},\"query-input\":{\"@type\":\"PropertyValueSpecification\",\"valueRequired\":true,\"valueName\":\"search_term_string\"}}],\"inLanguage\":\"it-IT\"},{\"@type\":\"Organization\",\"@id\":\"https:\/\/www.panalingua.ch\/#organization\",\"name\":\"Panalingua\",\"url\":\"https:\/\/www.panalingua.ch\/\",\"logo\":{\"@type\":\"ImageObject\",\"inLanguage\":\"it-IT\",\"@id\":\"https:\/\/www.panalingua.ch\/#\/schema\/logo\/image\/\",\"url\":\"https:\/\/www.panalingua.ch\/wp-content\/uploads\/2024\/08\/cropped-Group-341.png\",\"contentUrl\":\"https:\/\/www.panalingua.ch\/wp-content\/uploads\/2024\/08\/cropped-Group-341.png\",\"width\":600,\"height\":112,\"caption\":\"Panalingua\"},\"image\":{\"@id\":\"https:\/\/www.panalingua.ch\/#\/schema\/logo\/image\/\"}}]}<\/script>\n<!-- \/ Yoast SEO plugin. -->","yoast_head_json":{"title":"Ulteriori informazioni sulla politica legale di Panalingua","description":"I contenuti e il design di questo sito web sono protetti dal diritto d'autore e sono di esclusiva propriet\u00e0 di Panalingua GmbH.","robots":{"index":"index","follow":"follow","max-snippet":"max-snippet:-1","max-image-preview":"max-image-preview:large","max-video-preview":"max-video-preview:-1"},"canonical":"https:\/\/www.panalingua.ch\/it\/avviso-legale\/","og_locale":"it_IT","og_type":"article","og_title":"Ulteriori informazioni sulla politica legale di Panalingua","og_description":"I contenuti e il design di questo sito web sono protetti dal diritto d'autore e sono di esclusiva propriet\u00e0 di Panalingua GmbH.","og_url":"https:\/\/www.panalingua.ch\/it\/avviso-legale\/","og_site_name":"Panalingua","article_modified_time":"2025-06-05T17:12:51+00:00","twitter_card":"summary_large_image","twitter_misc":{"Tempo di lettura stimato":"6 minuti"},"schema":{"@context":"https:\/\/schema.org","@graph":[{"@type":"WebPage","@id":"https:\/\/www.panalingua.ch\/it\/avviso-legale\/","url":"https:\/\/www.panalingua.ch\/it\/avviso-legale\/","name":"Ulteriori informazioni sulla politica legale di Panalingua","isPartOf":{"@id":"https:\/\/www.panalingua.ch\/#website"},"datePublished":"2024-11-25T14:14:21+00:00","dateModified":"2025-06-05T17:12:51+00:00","description":"I contenuti e il design di questo sito web sono protetti dal diritto d'autore e sono di esclusiva propriet\u00e0 di Panalingua GmbH.","breadcrumb":{"@id":"https:\/\/www.panalingua.ch\/it\/avviso-legale\/#breadcrumb"},"inLanguage":"it-IT","potentialAction":[{"@type":"ReadAction","target":["https:\/\/www.panalingua.ch\/it\/avviso-legale\/"]}]},{"@type":"BreadcrumbList","@id":"https:\/\/www.panalingua.ch\/it\/avviso-legale\/#breadcrumb","itemListElement":[{"@type":"ListItem","position":1,"name":"Home","item":"https:\/\/www.panalingua.ch\/it\/home\/"},{"@type":"ListItem","position":2,"name":"Avviso legale"}]},{"@type":"WebSite","@id":"https:\/\/www.panalingua.ch\/#website","url":"https:\/\/www.panalingua.ch\/","name":"Panalingua","description":"A Member of the SwissGlobal family","publisher":{"@id":"https:\/\/www.panalingua.ch\/#organization"},"potentialAction":[{"@type":"SearchAction","target":{"@type":"EntryPoint","urlTemplate":"https:\/\/www.panalingua.ch\/?s={search_term_string}"},"query-input":{"@type":"PropertyValueSpecification","valueRequired":true,"valueName":"search_term_string"}}],"inLanguage":"it-IT"},{"@type":"Organization","@id":"https:\/\/www.panalingua.ch\/#organization","name":"Panalingua","url":"https:\/\/www.panalingua.ch\/","logo":{"@type":"ImageObject","inLanguage":"it-IT","@id":"https:\/\/www.panalingua.ch\/#\/schema\/logo\/image\/","url":"https:\/\/www.panalingua.ch\/wp-content\/uploads\/2024\/08\/cropped-Group-341.png","contentUrl":"https:\/\/www.panalingua.ch\/wp-content\/uploads\/2024\/08\/cropped-Group-341.png","width":600,"height":112,"caption":"Panalingua"},"image":{"@id":"https:\/\/www.panalingua.ch\/#\/schema\/logo\/image\/"}}]}},"_links":{"self":[{"href":"https:\/\/www.panalingua.ch\/it\/wp-json\/wp\/v2\/pages\/3138","targetHints":{"allow":["GET"]}}],"collection":[{"href":"https:\/\/www.panalingua.ch\/it\/wp-json\/wp\/v2\/pages"}],"about":[{"href":"https:\/\/www.panalingua.ch\/it\/wp-json\/wp\/v2\/types\/page"}],"author":[{"embeddable":true,"href":"https:\/\/www.panalingua.ch\/it\/wp-json\/wp\/v2\/users\/1"}],"replies":[{"embeddable":true,"href":"https:\/\/www.panalingua.ch\/it\/wp-json\/wp\/v2\/comments?post=3138"}],"version-history":[{"count":2,"href":"https:\/\/www.panalingua.ch\/it\/wp-json\/wp\/v2\/pages\/3138\/revisions"}],"predecessor-version":[{"id":3881,"href":"https:\/\/www.panalingua.ch\/it\/wp-json\/wp\/v2\/pages\/3138\/revisions\/3881"}],"wp:attachment":[{"href":"https:\/\/www.panalingua.ch\/it\/wp-json\/wp\/v2\/media?parent=3138"}],"curies":[{"name":"wp","href":"https:\/\/api.w.org\/{rel}","templated":true}]}}