{"id":4367,"date":"2025-05-28T07:41:15","date_gmt":"2025-05-28T07:41:15","guid":{"rendered":"https:\/\/www.panalingua.ch\/traduction-en-allemand\/"},"modified":"2025-06-02T07:39:45","modified_gmt":"2025-06-02T07:39:45","slug":"traduction-en-allemand","status":"publish","type":"page","link":"https:\/\/www.panalingua.ch\/fr\/langues\/traduction-en-allemand\/","title":{"rendered":"Traduction en allemand"},"content":{"rendered":"","protected":false},"excerpt":{"rendered":"","protected":false},"author":1,"featured_media":0,"parent":4376,"menu_order":2,"comment_status":"closed","ping_status":"closed","template":"template_languages.php","meta":{"_acf_changed":false,"footnotes":""},"class_list":["post-4367","page","type-page","status-publish","hentry"],"acf":[],"yoast_head":"<!-- This site is optimized with the Yoast SEO plugin v26.6 - https:\/\/yoast.com\/wordpress\/plugins\/seo\/ -->\n<title>Traduction en allemand - Panalingua<\/title>\n<meta name=\"description\" content=\"Si vous avez besoin de traduire vos documents \u00e9crits en allemand dans d\u2019autres langues, Panalingua est l\u2019agence qu\u2019il vous faut. Gr\u00e2ce \u00e0 la traduction automatique et \u00e0 une relecture humaine, vous ne pouvez pas vous tromper.\" \/>\n<meta name=\"robots\" content=\"index, follow, max-snippet:-1, max-image-preview:large, max-video-preview:-1\" \/>\n<link rel=\"canonical\" href=\"https:\/\/www.panalingua.ch\/fr\/langues\/traduction-en-allemand\/\" \/>\n<meta property=\"og:locale\" content=\"fr_FR\" \/>\n<meta property=\"og:type\" content=\"article\" \/>\n<meta property=\"og:title\" content=\"Traduction en allemand - Panalingua\" \/>\n<meta property=\"og:description\" content=\"Si vous avez besoin de traduire vos documents \u00e9crits en allemand dans d\u2019autres langues, Panalingua est l\u2019agence qu\u2019il vous faut. Gr\u00e2ce \u00e0 la traduction automatique et \u00e0 une relecture humaine, vous ne pouvez pas vous tromper.\" \/>\n<meta property=\"og:url\" content=\"https:\/\/www.panalingua.ch\/fr\/langues\/traduction-en-allemand\/\" \/>\n<meta property=\"og:site_name\" content=\"Panalingua\" \/>\n<meta property=\"article:modified_time\" content=\"2025-06-02T07:39:45+00:00\" \/>\n<meta name=\"twitter:card\" content=\"summary_large_image\" \/>\n<script type=\"application\/ld+json\" class=\"yoast-schema-graph\">{\"@context\":\"https:\/\/schema.org\",\"@graph\":[{\"@type\":\"WebPage\",\"@id\":\"https:\/\/www.panalingua.ch\/fr\/langues\/traduction-en-allemand\/\",\"url\":\"https:\/\/www.panalingua.ch\/fr\/langues\/traduction-en-allemand\/\",\"name\":\"Traduction en allemand - Panalingua\",\"isPartOf\":{\"@id\":\"https:\/\/www.panalingua.ch\/#website\"},\"datePublished\":\"2025-05-28T07:41:15+00:00\",\"dateModified\":\"2025-06-02T07:39:45+00:00\",\"description\":\"Si vous avez besoin de traduire vos documents \u00e9crits en allemand dans d\u2019autres langues, Panalingua est l\u2019agence qu\u2019il vous faut. Gr\u00e2ce \u00e0 la traduction automatique et \u00e0 une relecture humaine, vous ne pouvez pas vous tromper.\",\"breadcrumb\":{\"@id\":\"https:\/\/www.panalingua.ch\/fr\/langues\/traduction-en-allemand\/#breadcrumb\"},\"inLanguage\":\"fr-FR\",\"potentialAction\":[{\"@type\":\"ReadAction\",\"target\":[\"https:\/\/www.panalingua.ch\/fr\/langues\/traduction-en-allemand\/\"]}]},{\"@type\":\"BreadcrumbList\",\"@id\":\"https:\/\/www.panalingua.ch\/fr\/langues\/traduction-en-allemand\/#breadcrumb\",\"itemListElement\":[{\"@type\":\"ListItem\",\"position\":1,\"name\":\"Home\",\"item\":\"https:\/\/www.panalingua.ch\/fr\/\"},{\"@type\":\"ListItem\",\"position\":2,\"name\":\"Langues\",\"item\":\"https:\/\/www.panalingua.ch\/fr\/langues\/\"},{\"@type\":\"ListItem\",\"position\":3,\"name\":\"Traduction en allemand\"}]},{\"@type\":\"WebSite\",\"@id\":\"https:\/\/www.panalingua.ch\/#website\",\"url\":\"https:\/\/www.panalingua.ch\/\",\"name\":\"Panalingua\",\"description\":\"A Member of the SwissGlobal family\",\"publisher\":{\"@id\":\"https:\/\/www.panalingua.ch\/#organization\"},\"potentialAction\":[{\"@type\":\"SearchAction\",\"target\":{\"@type\":\"EntryPoint\",\"urlTemplate\":\"https:\/\/www.panalingua.ch\/?s={search_term_string}\"},\"query-input\":{\"@type\":\"PropertyValueSpecification\",\"valueRequired\":true,\"valueName\":\"search_term_string\"}}],\"inLanguage\":\"fr-FR\"},{\"@type\":\"Organization\",\"@id\":\"https:\/\/www.panalingua.ch\/#organization\",\"name\":\"Panalingua\",\"url\":\"https:\/\/www.panalingua.ch\/\",\"logo\":{\"@type\":\"ImageObject\",\"inLanguage\":\"fr-FR\",\"@id\":\"https:\/\/www.panalingua.ch\/#\/schema\/logo\/image\/\",\"url\":\"https:\/\/www.panalingua.ch\/wp-content\/uploads\/2024\/08\/cropped-Group-341.png\",\"contentUrl\":\"https:\/\/www.panalingua.ch\/wp-content\/uploads\/2024\/08\/cropped-Group-341.png\",\"width\":600,\"height\":112,\"caption\":\"Panalingua\"},\"image\":{\"@id\":\"https:\/\/www.panalingua.ch\/#\/schema\/logo\/image\/\"}}]}<\/script>\n<!-- \/ Yoast SEO plugin. -->","yoast_head_json":{"title":"Traduction en allemand - Panalingua","description":"Si vous avez besoin de traduire vos documents \u00e9crits en allemand dans d\u2019autres langues, Panalingua est l\u2019agence qu\u2019il vous faut. Gr\u00e2ce \u00e0 la traduction automatique et \u00e0 une relecture humaine, vous ne pouvez pas vous tromper.","robots":{"index":"index","follow":"follow","max-snippet":"max-snippet:-1","max-image-preview":"max-image-preview:large","max-video-preview":"max-video-preview:-1"},"canonical":"https:\/\/www.panalingua.ch\/fr\/langues\/traduction-en-allemand\/","og_locale":"fr_FR","og_type":"article","og_title":"Traduction en allemand - Panalingua","og_description":"Si vous avez besoin de traduire vos documents \u00e9crits en allemand dans d\u2019autres langues, Panalingua est l\u2019agence qu\u2019il vous faut. Gr\u00e2ce \u00e0 la traduction automatique et \u00e0 une relecture humaine, vous ne pouvez pas vous tromper.","og_url":"https:\/\/www.panalingua.ch\/fr\/langues\/traduction-en-allemand\/","og_site_name":"Panalingua","article_modified_time":"2025-06-02T07:39:45+00:00","twitter_card":"summary_large_image","schema":{"@context":"https:\/\/schema.org","@graph":[{"@type":"WebPage","@id":"https:\/\/www.panalingua.ch\/fr\/langues\/traduction-en-allemand\/","url":"https:\/\/www.panalingua.ch\/fr\/langues\/traduction-en-allemand\/","name":"Traduction en allemand - Panalingua","isPartOf":{"@id":"https:\/\/www.panalingua.ch\/#website"},"datePublished":"2025-05-28T07:41:15+00:00","dateModified":"2025-06-02T07:39:45+00:00","description":"Si vous avez besoin de traduire vos documents \u00e9crits en allemand dans d\u2019autres langues, Panalingua est l\u2019agence qu\u2019il vous faut. Gr\u00e2ce \u00e0 la traduction automatique et \u00e0 une relecture humaine, vous ne pouvez pas vous tromper.","breadcrumb":{"@id":"https:\/\/www.panalingua.ch\/fr\/langues\/traduction-en-allemand\/#breadcrumb"},"inLanguage":"fr-FR","potentialAction":[{"@type":"ReadAction","target":["https:\/\/www.panalingua.ch\/fr\/langues\/traduction-en-allemand\/"]}]},{"@type":"BreadcrumbList","@id":"https:\/\/www.panalingua.ch\/fr\/langues\/traduction-en-allemand\/#breadcrumb","itemListElement":[{"@type":"ListItem","position":1,"name":"Home","item":"https:\/\/www.panalingua.ch\/fr\/"},{"@type":"ListItem","position":2,"name":"Langues","item":"https:\/\/www.panalingua.ch\/fr\/langues\/"},{"@type":"ListItem","position":3,"name":"Traduction en allemand"}]},{"@type":"WebSite","@id":"https:\/\/www.panalingua.ch\/#website","url":"https:\/\/www.panalingua.ch\/","name":"Panalingua","description":"A Member of the SwissGlobal family","publisher":{"@id":"https:\/\/www.panalingua.ch\/#organization"},"potentialAction":[{"@type":"SearchAction","target":{"@type":"EntryPoint","urlTemplate":"https:\/\/www.panalingua.ch\/?s={search_term_string}"},"query-input":{"@type":"PropertyValueSpecification","valueRequired":true,"valueName":"search_term_string"}}],"inLanguage":"fr-FR"},{"@type":"Organization","@id":"https:\/\/www.panalingua.ch\/#organization","name":"Panalingua","url":"https:\/\/www.panalingua.ch\/","logo":{"@type":"ImageObject","inLanguage":"fr-FR","@id":"https:\/\/www.panalingua.ch\/#\/schema\/logo\/image\/","url":"https:\/\/www.panalingua.ch\/wp-content\/uploads\/2024\/08\/cropped-Group-341.png","contentUrl":"https:\/\/www.panalingua.ch\/wp-content\/uploads\/2024\/08\/cropped-Group-341.png","width":600,"height":112,"caption":"Panalingua"},"image":{"@id":"https:\/\/www.panalingua.ch\/#\/schema\/logo\/image\/"}}]}},"_links":{"self":[{"href":"https:\/\/www.panalingua.ch\/fr\/wp-json\/wp\/v2\/pages\/4367","targetHints":{"allow":["GET"]}}],"collection":[{"href":"https:\/\/www.panalingua.ch\/fr\/wp-json\/wp\/v2\/pages"}],"about":[{"href":"https:\/\/www.panalingua.ch\/fr\/wp-json\/wp\/v2\/types\/page"}],"author":[{"embeddable":true,"href":"https:\/\/www.panalingua.ch\/fr\/wp-json\/wp\/v2\/users\/1"}],"replies":[{"embeddable":true,"href":"https:\/\/www.panalingua.ch\/fr\/wp-json\/wp\/v2\/comments?post=4367"}],"version-history":[{"count":1,"href":"https:\/\/www.panalingua.ch\/fr\/wp-json\/wp\/v2\/pages\/4367\/revisions"}],"predecessor-version":[{"id":4378,"href":"https:\/\/www.panalingua.ch\/fr\/wp-json\/wp\/v2\/pages\/4367\/revisions\/4378"}],"up":[{"embeddable":true,"href":"https:\/\/www.panalingua.ch\/fr\/wp-json\/wp\/v2\/pages\/4376"}],"wp:attachment":[{"href":"https:\/\/www.panalingua.ch\/fr\/wp-json\/wp\/v2\/media?parent=4367"}],"curies":[{"name":"wp","href":"https:\/\/api.w.org\/{rel}","templated":true}]}}