{"id":1658,"date":"2024-07-19T12:33:58","date_gmt":"2024-07-19T12:33:58","guid":{"rendered":"https:\/\/www.panalingua.ch\/industries\/"},"modified":"2025-06-05T17:42:36","modified_gmt":"2025-06-05T17:42:36","slug":"secteurs","status":"publish","type":"page","link":"https:\/\/www.panalingua.ch\/fr\/secteurs\/","title":{"rendered":"Secteurs"},"content":{"rendered":"","protected":false},"excerpt":{"rendered":"","protected":false},"author":1,"featured_media":0,"parent":0,"menu_order":0,"comment_status":"closed","ping_status":"closed","template":"template_about.php","meta":{"_acf_changed":false,"footnotes":""},"class_list":["post-1658","page","type-page","status-publish","hentry"],"acf":[],"yoast_head":"<!-- This site is optimized with the Yoast SEO plugin v26.6 - https:\/\/yoast.com\/wordpress\/plugins\/seo\/ -->\n<title>Trouvez le service de traduction IA pour votre secteurs<\/title>\n<meta name=\"description\" content=\"D\u00e9couvrez comment Panalingua accompagne divers secteurs avec des solutions linguistiques sur mesure \u2013 pr\u00e9cises, efficaces et adapt\u00e9es \u00e0 chaque industrie.\" \/>\n<meta name=\"robots\" content=\"index, follow, max-snippet:-1, max-image-preview:large, max-video-preview:-1\" \/>\n<link rel=\"canonical\" href=\"https:\/\/www.panalingua.ch\/fr\/secteurs\/\" \/>\n<meta property=\"og:locale\" content=\"fr_FR\" \/>\n<meta property=\"og:type\" content=\"article\" \/>\n<meta property=\"og:title\" content=\"Trouvez le service de traduction IA pour votre secteurs\" \/>\n<meta property=\"og:description\" content=\"D\u00e9couvrez comment Panalingua accompagne divers secteurs avec des solutions linguistiques sur mesure \u2013 pr\u00e9cises, efficaces et adapt\u00e9es \u00e0 chaque industrie.\" \/>\n<meta property=\"og:url\" content=\"https:\/\/www.panalingua.ch\/fr\/secteurs\/\" \/>\n<meta property=\"og:site_name\" content=\"Panalingua\" \/>\n<meta property=\"article:modified_time\" content=\"2025-06-05T17:42:36+00:00\" \/>\n<meta name=\"twitter:card\" content=\"summary_large_image\" \/>\n<script type=\"application\/ld+json\" class=\"yoast-schema-graph\">{\"@context\":\"https:\/\/schema.org\",\"@graph\":[{\"@type\":\"WebPage\",\"@id\":\"https:\/\/www.panalingua.ch\/fr\/secteurs\/\",\"url\":\"https:\/\/www.panalingua.ch\/fr\/secteurs\/\",\"name\":\"Trouvez le service de traduction IA pour votre secteurs\",\"isPartOf\":{\"@id\":\"https:\/\/www.panalingua.ch\/#website\"},\"datePublished\":\"2024-07-19T12:33:58+00:00\",\"dateModified\":\"2025-06-05T17:42:36+00:00\",\"description\":\"D\u00e9couvrez comment Panalingua accompagne divers secteurs avec des solutions linguistiques sur mesure \u2013 pr\u00e9cises, efficaces et adapt\u00e9es \u00e0 chaque industrie.\",\"breadcrumb\":{\"@id\":\"https:\/\/www.panalingua.ch\/fr\/secteurs\/#breadcrumb\"},\"inLanguage\":\"fr-FR\",\"potentialAction\":[{\"@type\":\"ReadAction\",\"target\":[\"https:\/\/www.panalingua.ch\/fr\/secteurs\/\"]}]},{\"@type\":\"BreadcrumbList\",\"@id\":\"https:\/\/www.panalingua.ch\/fr\/secteurs\/#breadcrumb\",\"itemListElement\":[{\"@type\":\"ListItem\",\"position\":1,\"name\":\"Home\",\"item\":\"https:\/\/www.panalingua.ch\/fr\/\"},{\"@type\":\"ListItem\",\"position\":2,\"name\":\"Secteurs\"}]},{\"@type\":\"WebSite\",\"@id\":\"https:\/\/www.panalingua.ch\/#website\",\"url\":\"https:\/\/www.panalingua.ch\/\",\"name\":\"Panalingua\",\"description\":\"A Member of the SwissGlobal family\",\"publisher\":{\"@id\":\"https:\/\/www.panalingua.ch\/#organization\"},\"potentialAction\":[{\"@type\":\"SearchAction\",\"target\":{\"@type\":\"EntryPoint\",\"urlTemplate\":\"https:\/\/www.panalingua.ch\/?s={search_term_string}\"},\"query-input\":{\"@type\":\"PropertyValueSpecification\",\"valueRequired\":true,\"valueName\":\"search_term_string\"}}],\"inLanguage\":\"fr-FR\"},{\"@type\":\"Organization\",\"@id\":\"https:\/\/www.panalingua.ch\/#organization\",\"name\":\"Panalingua\",\"url\":\"https:\/\/www.panalingua.ch\/\",\"logo\":{\"@type\":\"ImageObject\",\"inLanguage\":\"fr-FR\",\"@id\":\"https:\/\/www.panalingua.ch\/#\/schema\/logo\/image\/\",\"url\":\"https:\/\/www.panalingua.ch\/wp-content\/uploads\/2024\/08\/cropped-Group-341.png\",\"contentUrl\":\"https:\/\/www.panalingua.ch\/wp-content\/uploads\/2024\/08\/cropped-Group-341.png\",\"width\":600,\"height\":112,\"caption\":\"Panalingua\"},\"image\":{\"@id\":\"https:\/\/www.panalingua.ch\/#\/schema\/logo\/image\/\"}}]}<\/script>\n<!-- \/ Yoast SEO plugin. -->","yoast_head_json":{"title":"Trouvez le service de traduction IA pour votre secteurs","description":"D\u00e9couvrez comment Panalingua accompagne divers secteurs avec des solutions linguistiques sur mesure \u2013 pr\u00e9cises, efficaces et adapt\u00e9es \u00e0 chaque industrie.","robots":{"index":"index","follow":"follow","max-snippet":"max-snippet:-1","max-image-preview":"max-image-preview:large","max-video-preview":"max-video-preview:-1"},"canonical":"https:\/\/www.panalingua.ch\/fr\/secteurs\/","og_locale":"fr_FR","og_type":"article","og_title":"Trouvez le service de traduction IA pour votre secteurs","og_description":"D\u00e9couvrez comment Panalingua accompagne divers secteurs avec des solutions linguistiques sur mesure \u2013 pr\u00e9cises, efficaces et adapt\u00e9es \u00e0 chaque industrie.","og_url":"https:\/\/www.panalingua.ch\/fr\/secteurs\/","og_site_name":"Panalingua","article_modified_time":"2025-06-05T17:42:36+00:00","twitter_card":"summary_large_image","schema":{"@context":"https:\/\/schema.org","@graph":[{"@type":"WebPage","@id":"https:\/\/www.panalingua.ch\/fr\/secteurs\/","url":"https:\/\/www.panalingua.ch\/fr\/secteurs\/","name":"Trouvez le service de traduction IA pour votre secteurs","isPartOf":{"@id":"https:\/\/www.panalingua.ch\/#website"},"datePublished":"2024-07-19T12:33:58+00:00","dateModified":"2025-06-05T17:42:36+00:00","description":"D\u00e9couvrez comment Panalingua accompagne divers secteurs avec des solutions linguistiques sur mesure \u2013 pr\u00e9cises, efficaces et adapt\u00e9es \u00e0 chaque industrie.","breadcrumb":{"@id":"https:\/\/www.panalingua.ch\/fr\/secteurs\/#breadcrumb"},"inLanguage":"fr-FR","potentialAction":[{"@type":"ReadAction","target":["https:\/\/www.panalingua.ch\/fr\/secteurs\/"]}]},{"@type":"BreadcrumbList","@id":"https:\/\/www.panalingua.ch\/fr\/secteurs\/#breadcrumb","itemListElement":[{"@type":"ListItem","position":1,"name":"Home","item":"https:\/\/www.panalingua.ch\/fr\/"},{"@type":"ListItem","position":2,"name":"Secteurs"}]},{"@type":"WebSite","@id":"https:\/\/www.panalingua.ch\/#website","url":"https:\/\/www.panalingua.ch\/","name":"Panalingua","description":"A Member of the SwissGlobal family","publisher":{"@id":"https:\/\/www.panalingua.ch\/#organization"},"potentialAction":[{"@type":"SearchAction","target":{"@type":"EntryPoint","urlTemplate":"https:\/\/www.panalingua.ch\/?s={search_term_string}"},"query-input":{"@type":"PropertyValueSpecification","valueRequired":true,"valueName":"search_term_string"}}],"inLanguage":"fr-FR"},{"@type":"Organization","@id":"https:\/\/www.panalingua.ch\/#organization","name":"Panalingua","url":"https:\/\/www.panalingua.ch\/","logo":{"@type":"ImageObject","inLanguage":"fr-FR","@id":"https:\/\/www.panalingua.ch\/#\/schema\/logo\/image\/","url":"https:\/\/www.panalingua.ch\/wp-content\/uploads\/2024\/08\/cropped-Group-341.png","contentUrl":"https:\/\/www.panalingua.ch\/wp-content\/uploads\/2024\/08\/cropped-Group-341.png","width":600,"height":112,"caption":"Panalingua"},"image":{"@id":"https:\/\/www.panalingua.ch\/#\/schema\/logo\/image\/"}}]}},"_links":{"self":[{"href":"https:\/\/www.panalingua.ch\/fr\/wp-json\/wp\/v2\/pages\/1658","targetHints":{"allow":["GET"]}}],"collection":[{"href":"https:\/\/www.panalingua.ch\/fr\/wp-json\/wp\/v2\/pages"}],"about":[{"href":"https:\/\/www.panalingua.ch\/fr\/wp-json\/wp\/v2\/types\/page"}],"author":[{"embeddable":true,"href":"https:\/\/www.panalingua.ch\/fr\/wp-json\/wp\/v2\/users\/1"}],"replies":[{"embeddable":true,"href":"https:\/\/www.panalingua.ch\/fr\/wp-json\/wp\/v2\/comments?post=1658"}],"version-history":[{"count":10,"href":"https:\/\/www.panalingua.ch\/fr\/wp-json\/wp\/v2\/pages\/1658\/revisions"}],"predecessor-version":[{"id":4488,"href":"https:\/\/www.panalingua.ch\/fr\/wp-json\/wp\/v2\/pages\/1658\/revisions\/4488"}],"wp:attachment":[{"href":"https:\/\/www.panalingua.ch\/fr\/wp-json\/wp\/v2\/media?parent=1658"}],"curies":[{"name":"wp","href":"https:\/\/api.w.org\/{rel}","templated":true}]}}