{"id":1650,"date":"2024-07-19T12:36:47","date_gmt":"2024-07-19T12:36:47","guid":{"rendered":"https:\/\/www.panalingua.ch\/terminology-consistency\/"},"modified":"2025-02-05T09:33:30","modified_gmt":"2025-02-05T09:33:30","slug":"coherence-terminologique","status":"publish","type":"page","link":"https:\/\/www.panalingua.ch\/fr\/services-2\/coherence-terminologique\/","title":{"rendered":"Coh\u00e9rence terminologique"},"content":{"rendered":"","protected":false},"excerpt":{"rendered":"","protected":false},"author":1,"featured_media":0,"parent":3705,"menu_order":1,"comment_status":"closed","ping_status":"closed","template":"template_service.php","meta":{"_acf_changed":false,"footnotes":""},"class_list":["post-1650","page","type-page","status-publish","hentry"],"acf":[],"yoast_head":"<!-- This site is optimized with the Yoast SEO plugin v26.6 - https:\/\/yoast.com\/wordpress\/plugins\/seo\/ -->\n<title>Coh\u00e9rence terminologique - Panalingua<\/title>\n<meta name=\"description\" content=\"La coh\u00e9rence de votre contenu et de votre communication est essentielle. Confiez-nous vos r\u00e9pertoires terminologiques.\" \/>\n<meta name=\"robots\" content=\"index, follow, max-snippet:-1, max-image-preview:large, max-video-preview:-1\" \/>\n<link rel=\"canonical\" href=\"https:\/\/www.panalingua.ch\/fr\/services-2\/coherence-terminologique\/\" \/>\n<meta property=\"og:locale\" content=\"fr_FR\" \/>\n<meta property=\"og:type\" content=\"article\" \/>\n<meta property=\"og:title\" content=\"Coh\u00e9rence terminologique - Panalingua\" \/>\n<meta property=\"og:description\" content=\"La coh\u00e9rence de votre contenu et de votre communication est essentielle. Confiez-nous vos r\u00e9pertoires terminologiques.\" \/>\n<meta property=\"og:url\" content=\"https:\/\/www.panalingua.ch\/fr\/services-2\/coherence-terminologique\/\" \/>\n<meta property=\"og:site_name\" content=\"Panalingua\" \/>\n<meta property=\"article:modified_time\" content=\"2025-02-05T09:33:30+00:00\" \/>\n<meta name=\"twitter:card\" content=\"summary_large_image\" \/>\n<script type=\"application\/ld+json\" class=\"yoast-schema-graph\">{\"@context\":\"https:\/\/schema.org\",\"@graph\":[{\"@type\":\"WebPage\",\"@id\":\"https:\/\/www.panalingua.ch\/fr\/services-2\/coherence-terminologique\/\",\"url\":\"https:\/\/www.panalingua.ch\/fr\/services-2\/coherence-terminologique\/\",\"name\":\"Coh\u00e9rence terminologique - Panalingua\",\"isPartOf\":{\"@id\":\"https:\/\/www.panalingua.ch\/#website\"},\"datePublished\":\"2024-07-19T12:36:47+00:00\",\"dateModified\":\"2025-02-05T09:33:30+00:00\",\"description\":\"La coh\u00e9rence de votre contenu et de votre communication est essentielle. Confiez-nous vos r\u00e9pertoires terminologiques.\",\"breadcrumb\":{\"@id\":\"https:\/\/www.panalingua.ch\/fr\/services-2\/coherence-terminologique\/#breadcrumb\"},\"inLanguage\":\"fr-FR\",\"potentialAction\":[{\"@type\":\"ReadAction\",\"target\":[\"https:\/\/www.panalingua.ch\/fr\/services-2\/coherence-terminologique\/\"]}]},{\"@type\":\"BreadcrumbList\",\"@id\":\"https:\/\/www.panalingua.ch\/fr\/services-2\/coherence-terminologique\/#breadcrumb\",\"itemListElement\":[{\"@type\":\"ListItem\",\"position\":1,\"name\":\"Home\",\"item\":\"https:\/\/www.panalingua.ch\/fr\/\"},{\"@type\":\"ListItem\",\"position\":2,\"name\":\"Services\",\"item\":\"https:\/\/www.panalingua.ch\/fr\/services-2\/\"},{\"@type\":\"ListItem\",\"position\":3,\"name\":\"Coh\u00e9rence terminologique\"}]},{\"@type\":\"WebSite\",\"@id\":\"https:\/\/www.panalingua.ch\/#website\",\"url\":\"https:\/\/www.panalingua.ch\/\",\"name\":\"Panalingua\",\"description\":\"A Member of the SwissGlobal family\",\"publisher\":{\"@id\":\"https:\/\/www.panalingua.ch\/#organization\"},\"potentialAction\":[{\"@type\":\"SearchAction\",\"target\":{\"@type\":\"EntryPoint\",\"urlTemplate\":\"https:\/\/www.panalingua.ch\/?s={search_term_string}\"},\"query-input\":{\"@type\":\"PropertyValueSpecification\",\"valueRequired\":true,\"valueName\":\"search_term_string\"}}],\"inLanguage\":\"fr-FR\"},{\"@type\":\"Organization\",\"@id\":\"https:\/\/www.panalingua.ch\/#organization\",\"name\":\"Panalingua\",\"url\":\"https:\/\/www.panalingua.ch\/\",\"logo\":{\"@type\":\"ImageObject\",\"inLanguage\":\"fr-FR\",\"@id\":\"https:\/\/www.panalingua.ch\/#\/schema\/logo\/image\/\",\"url\":\"https:\/\/www.panalingua.ch\/wp-content\/uploads\/2024\/08\/cropped-Group-341.png\",\"contentUrl\":\"https:\/\/www.panalingua.ch\/wp-content\/uploads\/2024\/08\/cropped-Group-341.png\",\"width\":600,\"height\":112,\"caption\":\"Panalingua\"},\"image\":{\"@id\":\"https:\/\/www.panalingua.ch\/#\/schema\/logo\/image\/\"}}]}<\/script>\n<!-- \/ Yoast SEO plugin. -->","yoast_head_json":{"title":"Coh\u00e9rence terminologique - Panalingua","description":"La coh\u00e9rence de votre contenu et de votre communication est essentielle. Confiez-nous vos r\u00e9pertoires terminologiques.","robots":{"index":"index","follow":"follow","max-snippet":"max-snippet:-1","max-image-preview":"max-image-preview:large","max-video-preview":"max-video-preview:-1"},"canonical":"https:\/\/www.panalingua.ch\/fr\/services-2\/coherence-terminologique\/","og_locale":"fr_FR","og_type":"article","og_title":"Coh\u00e9rence terminologique - Panalingua","og_description":"La coh\u00e9rence de votre contenu et de votre communication est essentielle. Confiez-nous vos r\u00e9pertoires terminologiques.","og_url":"https:\/\/www.panalingua.ch\/fr\/services-2\/coherence-terminologique\/","og_site_name":"Panalingua","article_modified_time":"2025-02-05T09:33:30+00:00","twitter_card":"summary_large_image","schema":{"@context":"https:\/\/schema.org","@graph":[{"@type":"WebPage","@id":"https:\/\/www.panalingua.ch\/fr\/services-2\/coherence-terminologique\/","url":"https:\/\/www.panalingua.ch\/fr\/services-2\/coherence-terminologique\/","name":"Coh\u00e9rence terminologique - Panalingua","isPartOf":{"@id":"https:\/\/www.panalingua.ch\/#website"},"datePublished":"2024-07-19T12:36:47+00:00","dateModified":"2025-02-05T09:33:30+00:00","description":"La coh\u00e9rence de votre contenu et de votre communication est essentielle. Confiez-nous vos r\u00e9pertoires terminologiques.","breadcrumb":{"@id":"https:\/\/www.panalingua.ch\/fr\/services-2\/coherence-terminologique\/#breadcrumb"},"inLanguage":"fr-FR","potentialAction":[{"@type":"ReadAction","target":["https:\/\/www.panalingua.ch\/fr\/services-2\/coherence-terminologique\/"]}]},{"@type":"BreadcrumbList","@id":"https:\/\/www.panalingua.ch\/fr\/services-2\/coherence-terminologique\/#breadcrumb","itemListElement":[{"@type":"ListItem","position":1,"name":"Home","item":"https:\/\/www.panalingua.ch\/fr\/"},{"@type":"ListItem","position":2,"name":"Services","item":"https:\/\/www.panalingua.ch\/fr\/services-2\/"},{"@type":"ListItem","position":3,"name":"Coh\u00e9rence terminologique"}]},{"@type":"WebSite","@id":"https:\/\/www.panalingua.ch\/#website","url":"https:\/\/www.panalingua.ch\/","name":"Panalingua","description":"A Member of the SwissGlobal family","publisher":{"@id":"https:\/\/www.panalingua.ch\/#organization"},"potentialAction":[{"@type":"SearchAction","target":{"@type":"EntryPoint","urlTemplate":"https:\/\/www.panalingua.ch\/?s={search_term_string}"},"query-input":{"@type":"PropertyValueSpecification","valueRequired":true,"valueName":"search_term_string"}}],"inLanguage":"fr-FR"},{"@type":"Organization","@id":"https:\/\/www.panalingua.ch\/#organization","name":"Panalingua","url":"https:\/\/www.panalingua.ch\/","logo":{"@type":"ImageObject","inLanguage":"fr-FR","@id":"https:\/\/www.panalingua.ch\/#\/schema\/logo\/image\/","url":"https:\/\/www.panalingua.ch\/wp-content\/uploads\/2024\/08\/cropped-Group-341.png","contentUrl":"https:\/\/www.panalingua.ch\/wp-content\/uploads\/2024\/08\/cropped-Group-341.png","width":600,"height":112,"caption":"Panalingua"},"image":{"@id":"https:\/\/www.panalingua.ch\/#\/schema\/logo\/image\/"}}]}},"_links":{"self":[{"href":"https:\/\/www.panalingua.ch\/fr\/wp-json\/wp\/v2\/pages\/1650","targetHints":{"allow":["GET"]}}],"collection":[{"href":"https:\/\/www.panalingua.ch\/fr\/wp-json\/wp\/v2\/pages"}],"about":[{"href":"https:\/\/www.panalingua.ch\/fr\/wp-json\/wp\/v2\/types\/page"}],"author":[{"embeddable":true,"href":"https:\/\/www.panalingua.ch\/fr\/wp-json\/wp\/v2\/users\/1"}],"replies":[{"embeddable":true,"href":"https:\/\/www.panalingua.ch\/fr\/wp-json\/wp\/v2\/comments?post=1650"}],"version-history":[{"count":19,"href":"https:\/\/www.panalingua.ch\/fr\/wp-json\/wp\/v2\/pages\/1650\/revisions"}],"predecessor-version":[{"id":3897,"href":"https:\/\/www.panalingua.ch\/fr\/wp-json\/wp\/v2\/pages\/1650\/revisions\/3897"}],"up":[{"embeddable":true,"href":"https:\/\/www.panalingua.ch\/fr\/wp-json\/wp\/v2\/pages\/3705"}],"wp:attachment":[{"href":"https:\/\/www.panalingua.ch\/fr\/wp-json\/wp\/v2\/media?parent=1650"}],"curies":[{"name":"wp","href":"https:\/\/api.w.org\/{rel}","templated":true}]}}