{"id":1605,"date":"2024-07-08T08:24:27","date_gmt":"2024-07-08T08:24:27","guid":{"rendered":"https:\/\/www.panalingua.ch\/faq\/"},"modified":"2025-06-05T17:05:26","modified_gmt":"2025-06-05T17:05:26","slug":"faq","status":"publish","type":"page","link":"https:\/\/www.panalingua.ch\/fr\/faq\/","title":{"rendered":"FAQ"},"content":{"rendered":"","protected":false},"excerpt":{"rendered":"","protected":false},"author":1,"featured_media":0,"parent":0,"menu_order":0,"comment_status":"closed","ping_status":"closed","template":"template_faq.php","meta":{"_acf_changed":false,"footnotes":""},"class_list":["post-1605","page","type-page","status-publish","hentry"],"acf":[],"yoast_head":"<!-- This site is optimized with the Yoast SEO plugin v26.6 - https:\/\/yoast.com\/wordpress\/plugins\/seo\/ -->\n<title>Questions fr\u00e9quemment pos\u00e9es (FAQ) | Panalingua<\/title>\n<meta name=\"description\" content=\"Vous avez des questions sur les services, les co\u00fbts et l\u2019expertise de Panalingua\u00a0? Lisez notre FAQ pour trouver les r\u00e9ponses que vous cherchez\" \/>\n<meta name=\"robots\" content=\"index, follow, max-snippet:-1, max-image-preview:large, max-video-preview:-1\" \/>\n<link rel=\"canonical\" href=\"https:\/\/www.panalingua.ch\/fr\/faq\/\" \/>\n<meta property=\"og:locale\" content=\"fr_FR\" \/>\n<meta property=\"og:type\" content=\"article\" \/>\n<meta property=\"og:title\" content=\"Questions fr\u00e9quemment pos\u00e9es (FAQ) | Panalingua\" \/>\n<meta property=\"og:description\" content=\"Vous avez des questions sur les services, les co\u00fbts et l\u2019expertise de Panalingua\u00a0? Lisez notre FAQ pour trouver les r\u00e9ponses que vous cherchez\" \/>\n<meta property=\"og:url\" content=\"https:\/\/www.panalingua.ch\/fr\/faq\/\" \/>\n<meta property=\"og:site_name\" content=\"Panalingua\" \/>\n<meta property=\"article:modified_time\" content=\"2025-06-05T17:05:26+00:00\" \/>\n<meta name=\"twitter:card\" content=\"summary_large_image\" \/>\n<script type=\"application\/ld+json\" class=\"yoast-schema-graph\">{\"@context\":\"https:\/\/schema.org\",\"@graph\":[{\"@type\":\"WebPage\",\"@id\":\"https:\/\/www.panalingua.ch\/fr\/faq\/\",\"url\":\"https:\/\/www.panalingua.ch\/fr\/faq\/\",\"name\":\"Questions fr\u00e9quemment pos\u00e9es (FAQ) | Panalingua\",\"isPartOf\":{\"@id\":\"https:\/\/www.panalingua.ch\/#website\"},\"datePublished\":\"2024-07-08T08:24:27+00:00\",\"dateModified\":\"2025-06-05T17:05:26+00:00\",\"description\":\"Vous avez des questions sur les services, les co\u00fbts et l\u2019expertise de Panalingua\u00a0? Lisez notre FAQ pour trouver les r\u00e9ponses que vous cherchez\",\"breadcrumb\":{\"@id\":\"https:\/\/www.panalingua.ch\/fr\/faq\/#breadcrumb\"},\"inLanguage\":\"fr-FR\",\"potentialAction\":[{\"@type\":\"ReadAction\",\"target\":[\"https:\/\/www.panalingua.ch\/fr\/faq\/\"]}]},{\"@type\":\"BreadcrumbList\",\"@id\":\"https:\/\/www.panalingua.ch\/fr\/faq\/#breadcrumb\",\"itemListElement\":[{\"@type\":\"ListItem\",\"position\":1,\"name\":\"Home\",\"item\":\"https:\/\/www.panalingua.ch\/fr\/\"},{\"@type\":\"ListItem\",\"position\":2,\"name\":\"FAQ\"}]},{\"@type\":\"WebSite\",\"@id\":\"https:\/\/www.panalingua.ch\/#website\",\"url\":\"https:\/\/www.panalingua.ch\/\",\"name\":\"Panalingua\",\"description\":\"A Member of the SwissGlobal family\",\"publisher\":{\"@id\":\"https:\/\/www.panalingua.ch\/#organization\"},\"potentialAction\":[{\"@type\":\"SearchAction\",\"target\":{\"@type\":\"EntryPoint\",\"urlTemplate\":\"https:\/\/www.panalingua.ch\/?s={search_term_string}\"},\"query-input\":{\"@type\":\"PropertyValueSpecification\",\"valueRequired\":true,\"valueName\":\"search_term_string\"}}],\"inLanguage\":\"fr-FR\"},{\"@type\":\"Organization\",\"@id\":\"https:\/\/www.panalingua.ch\/#organization\",\"name\":\"Panalingua\",\"url\":\"https:\/\/www.panalingua.ch\/\",\"logo\":{\"@type\":\"ImageObject\",\"inLanguage\":\"fr-FR\",\"@id\":\"https:\/\/www.panalingua.ch\/#\/schema\/logo\/image\/\",\"url\":\"https:\/\/www.panalingua.ch\/wp-content\/uploads\/2024\/08\/cropped-Group-341.png\",\"contentUrl\":\"https:\/\/www.panalingua.ch\/wp-content\/uploads\/2024\/08\/cropped-Group-341.png\",\"width\":600,\"height\":112,\"caption\":\"Panalingua\"},\"image\":{\"@id\":\"https:\/\/www.panalingua.ch\/#\/schema\/logo\/image\/\"}}]}<\/script>\n<!-- \/ Yoast SEO plugin. -->","yoast_head_json":{"title":"Questions fr\u00e9quemment pos\u00e9es (FAQ) | Panalingua","description":"Vous avez des questions sur les services, les co\u00fbts et l\u2019expertise de Panalingua\u00a0? Lisez notre FAQ pour trouver les r\u00e9ponses que vous cherchez","robots":{"index":"index","follow":"follow","max-snippet":"max-snippet:-1","max-image-preview":"max-image-preview:large","max-video-preview":"max-video-preview:-1"},"canonical":"https:\/\/www.panalingua.ch\/fr\/faq\/","og_locale":"fr_FR","og_type":"article","og_title":"Questions fr\u00e9quemment pos\u00e9es (FAQ) | Panalingua","og_description":"Vous avez des questions sur les services, les co\u00fbts et l\u2019expertise de Panalingua\u00a0? Lisez notre FAQ pour trouver les r\u00e9ponses que vous cherchez","og_url":"https:\/\/www.panalingua.ch\/fr\/faq\/","og_site_name":"Panalingua","article_modified_time":"2025-06-05T17:05:26+00:00","twitter_card":"summary_large_image","schema":{"@context":"https:\/\/schema.org","@graph":[{"@type":"WebPage","@id":"https:\/\/www.panalingua.ch\/fr\/faq\/","url":"https:\/\/www.panalingua.ch\/fr\/faq\/","name":"Questions fr\u00e9quemment pos\u00e9es (FAQ) | Panalingua","isPartOf":{"@id":"https:\/\/www.panalingua.ch\/#website"},"datePublished":"2024-07-08T08:24:27+00:00","dateModified":"2025-06-05T17:05:26+00:00","description":"Vous avez des questions sur les services, les co\u00fbts et l\u2019expertise de Panalingua\u00a0? Lisez notre FAQ pour trouver les r\u00e9ponses que vous cherchez","breadcrumb":{"@id":"https:\/\/www.panalingua.ch\/fr\/faq\/#breadcrumb"},"inLanguage":"fr-FR","potentialAction":[{"@type":"ReadAction","target":["https:\/\/www.panalingua.ch\/fr\/faq\/"]}]},{"@type":"BreadcrumbList","@id":"https:\/\/www.panalingua.ch\/fr\/faq\/#breadcrumb","itemListElement":[{"@type":"ListItem","position":1,"name":"Home","item":"https:\/\/www.panalingua.ch\/fr\/"},{"@type":"ListItem","position":2,"name":"FAQ"}]},{"@type":"WebSite","@id":"https:\/\/www.panalingua.ch\/#website","url":"https:\/\/www.panalingua.ch\/","name":"Panalingua","description":"A Member of the SwissGlobal family","publisher":{"@id":"https:\/\/www.panalingua.ch\/#organization"},"potentialAction":[{"@type":"SearchAction","target":{"@type":"EntryPoint","urlTemplate":"https:\/\/www.panalingua.ch\/?s={search_term_string}"},"query-input":{"@type":"PropertyValueSpecification","valueRequired":true,"valueName":"search_term_string"}}],"inLanguage":"fr-FR"},{"@type":"Organization","@id":"https:\/\/www.panalingua.ch\/#organization","name":"Panalingua","url":"https:\/\/www.panalingua.ch\/","logo":{"@type":"ImageObject","inLanguage":"fr-FR","@id":"https:\/\/www.panalingua.ch\/#\/schema\/logo\/image\/","url":"https:\/\/www.panalingua.ch\/wp-content\/uploads\/2024\/08\/cropped-Group-341.png","contentUrl":"https:\/\/www.panalingua.ch\/wp-content\/uploads\/2024\/08\/cropped-Group-341.png","width":600,"height":112,"caption":"Panalingua"},"image":{"@id":"https:\/\/www.panalingua.ch\/#\/schema\/logo\/image\/"}}]}},"_links":{"self":[{"href":"https:\/\/www.panalingua.ch\/fr\/wp-json\/wp\/v2\/pages\/1605","targetHints":{"allow":["GET"]}}],"collection":[{"href":"https:\/\/www.panalingua.ch\/fr\/wp-json\/wp\/v2\/pages"}],"about":[{"href":"https:\/\/www.panalingua.ch\/fr\/wp-json\/wp\/v2\/types\/page"}],"author":[{"embeddable":true,"href":"https:\/\/www.panalingua.ch\/fr\/wp-json\/wp\/v2\/users\/1"}],"replies":[{"embeddable":true,"href":"https:\/\/www.panalingua.ch\/fr\/wp-json\/wp\/v2\/comments?post=1605"}],"version-history":[{"count":2,"href":"https:\/\/www.panalingua.ch\/fr\/wp-json\/wp\/v2\/pages\/1605\/revisions"}],"predecessor-version":[{"id":2211,"href":"https:\/\/www.panalingua.ch\/fr\/wp-json\/wp\/v2\/pages\/1605\/revisions\/2211"}],"wp:attachment":[{"href":"https:\/\/www.panalingua.ch\/fr\/wp-json\/wp\/v2\/media?parent=1605"}],"curies":[{"name":"wp","href":"https:\/\/api.w.org\/{rel}","templated":true}]}}